{"id":9302,"date":"2021-09-04T15:04:00","date_gmt":"2021-09-04T15:04:00","guid":{"rendered":"https:\/\/welcome-to-times-square.com\/sponsor-seasonal-events\/"},"modified":"2025-01-20T11:33:21","modified_gmt":"2025-01-20T11:33:21","slug":"sponsor-seasonal-events","status":"publish","type":"page","link":"https:\/\/welcome-to-times-square.com\/pt-br\/sponsor-seasonal-events\/","title":{"rendered":"Patrocinador Eventos sazonais"},"content":{"rendered":"<p>[vc_row full_width=&#8221;stretch_row&#8221; css=&#8221;.vc_custom_1627402630091{margin-top: 28px !important;margin-right: 0px !important;margin-bottom: 0px !important;margin-left: 0px !important;padding-top: 0px !important;padding-right: 0px !important;padding-bottom: 0px !important;padding-left: 0px !important;}&#8221; el_class=&#8221;main-97676&#8243;][vc_column css=&#8221;.vc_custom_1626939874126{margin: 0px !important;padding: 0px !important;border: 0px initial !important;}&#8221;][vc_row_inner equal_height=&#8221;yes&#8221; el_class=&#8221;text-banner11&#8243;][vc_column_inner width=&#8221;1\/2&#8243; css=&#8221;.vc_custom_1626940693197{margin-top: 0px !important;margin-right: 0px !important;margin-bottom: 0px !important;margin-left: 0px !important;padding-top: 20px !important;padding-right: 20px !important;padding-bottom: 20px !important;padding-left: 20px !important;background-image: url(https:\/\/welcome-to-times-square.com\/wp-content\/uploads\/2021\/07\/dd1.jpg?id=1431) !important;background-position: center !important;background-repeat: no-repeat !important;background-size: cover !important;}&#8221;][vc_column_text css=&#8221;.vc_custom_1630769236051{margin-top: -50px !important;}&#8221;]<\/p>\n<h2>Patrocinador Eventos sazonais<\/h2>\n<p>[\/vc_column_text][vc_column_text]A Times Square \u00e9 o local mais ic\u00f4nico para publicidade externa no mundo, onde todas as grandes marcas competem pelo lugar. As empresas trazem suas melhores mensagens e criatividade para envolver os visitantes. Os enormes outdoors e as luzes piscantes s\u00e3o a melhor plataforma para publicidade. \u00c9 a Meca da publicidade. Sempre que se pensa na Times Square, as luzes enormes, os an\u00fancios gigantes e as placas imediatamente v\u00eam \u00e0 mente. A Times Square surgiu como o epicentro de grandes empresas exibindo suas marcas para milh\u00f5es de turistas na Big Apple. Com mais de 100 milh\u00f5es de pessoas passando a cada ano, nenhum outro lugar pode ser melhor do que anunciar na Times Square. Devido \u00e0 enorme quantidade de turistas que passam pelo local, um \u00fanico outdoor pode obter milh\u00f5es de impress\u00f5es todos os dias.<br \/>\n[\/vc_column_text][\/vc_column_inner][vc_column_inner width=&#8221;1\/2&#8243; css=&#8221;.vc_custom_1626939926058{margin: 0px !important;padding: 0px !important;}&#8221;][vc_images_carousel images=&#8221;1421,1423&#8243; img_size=&#8221;full&#8221; onclick=&#8221;link_no&#8221; speed=&#8221;2000&#8243; autoplay=&#8221;yes&#8221; hide_prev_next_buttons=&#8221;yes&#8221; wrap=&#8221;yes&#8221; css=&#8221;.vc_custom_1626942472084{margin-top: 0px !important;margin-right: 0px !important;margin-bottom: 0px !important;margin-left: 0px !important;padding-top: 0px !important;padding-right: 0px !important;padding-bottom: 0px !important;padding-left: 0px !important;}&#8221;][\/vc_column_inner][\/vc_row_inner][\/vc_column][\/vc_row][vc_row full_width=&#8221;stretch_row&#8221; css=&#8221;.vc_custom_1627402678677{margin-top: 0px !important;padding-top: 0px !important;padding-bottom: 20px !important;background-image: url(https:\/\/welcome-to-times-square.com\/wp-content\/uploads\/2021\/07\/bg676.jpg?id=417) !important;background-position: center !important;background-repeat: no-repeat !important;background-size: cover !important;}&#8221; el_class=&#8221;main-title312&#8243;][vc_column width=&#8221;1\/2&#8243;][vc_column_text]<\/p>\n<h2 style=\"text-align: left;\">PATROCINAR EVENTOS SAZONAIS<\/h2>\n<p>[\/vc_column_text][\/vc_column][vc_column width=&#8221;1\/2&#8243;][vc_column_text]<\/p>\n<h2 style=\"text-align: right; font-size: 16px !important;\"> <a style=\"color: #c00;\" href=\"https:\/\/welcome-to-times-square.com\/pt-br\/\">HOME<\/a> \/ PATROCINAR EVENTOS DA \u00c9POCA<\/h2>\n<p>[\/vc_column_text][\/vc_column][\/vc_row][vc_row full_width=&#8221;stretch_row&#8221; css=&#8221;.vc_custom_1630687359548{padding-top: 20px !important;padding-bottom: 20px !important;background-color: #f3f3f3 !important;}&#8221; el_class=&#8221;text-b131&#8243;][vc_column][vc_column_text el_class=&#8221;mm54&#8243; css=&#8221;.vc_custom_1630768939014{border-bottom-width: 1px !important;border-bottom-color: #ffffff !important;border-bottom-style: solid !important;}&#8221;]<\/p>\n<h4>Custos de publicidade na Times Square<\/h4>\n<p>A publicidade na Times Square \u00e9 acess\u00edvel a empresas independentemente de seus tamanhos. As empresas podem anunciar por meio de outdoors digitais, quiosques solares, por meio de outdoors est\u00e1ticos, dependendo de suas necessidades. Embora a Times Square ocupe apenas 0,1% da \u00e1rea total de Nova York, ela gera 10% da produ\u00e7\u00e3o econ\u00f4mica da cidade. O custo da publicidade na Times Square depende de fatores como o formato de m\u00eddia escolhido, a dura\u00e7\u00e3o do programa e a participa\u00e7\u00e3o de voz. Um an\u00fancio em outdoor pode variar de US$ 5.000 a mais de US$ 50.000 para um programa de um \u00fanico dia.[\/vc_column_text][vc_column_text el_class=&#8221;mm54&#8243; css=&#8221;.vc_custom_1630769137170{border-bottom-width: 1px !important;border-bottom-color: #ffffff !important;border-bottom-style: solid !important;}&#8221;]<\/p>\n<h4>Publicidade sazonal na Times Square<\/h4>\n<p>H\u00e1 muitos eventos sazonais, mas mundialmente famosos, na Times Square que atraem milh\u00f5es de turistas do mundo todo. Isso d\u00e1 uma excelente chance para as empresas anunciarem suas marcas. Esses eventos podem atrair enormes receitas para as empresas. Alguns dos principais eventos sazonais na Times Square s\u00e3o:[\/vc_column_text][vc_column_text el_class=&#8221;mm54&#8243;]<\/p>\n<ol>\n<li><strong>Dia dos Namorados: <\/strong>A Times Square \u00e9 o local mais preferido pelos casais para celebrar seu amor e tornar o dia especial e \u00fanico. Milhares de pessoas se re\u00fanem no destino dos sonhos para homenagear seu amor e celebrar seu romance com propostas de casamento e promessas de renova\u00e7\u00e3o em frente ao atraente Valentine Heart. <\/li>\n<li>Esta ocasi\u00e3o oferece uma \u00f3tima oportunidade para patrocinar propostas, cerim\u00f4nias de renova\u00e7\u00e3o de votos e casamentos.<\/li>\n<li><strong>Taste of Times Square:<\/strong> Em junho, as pessoas esperam pelo festival anual de comida e m\u00fasica ao ar livre \u201cTaste of Times Square\u201d. Ele \u00e9 organizado pela Time Square Alliance com os melhores restaurantes do distrito. Milhares de moradores e turistas se aglomeram para aproveitar os pratos exclusivos preparados pelos melhores chefs. O mega festival d\u00e1 oportunidades de patrocinar programas e grupos de m\u00fasica e entretenimento, juntamente com uma variedade de ativa\u00e7\u00f5es de marca durante uma celebra\u00e7\u00e3o de uma semana.   <\/li>\n<li><strong>Solstice na Times Square:<\/strong> atrai milhares de entusiastas da sa\u00fade e iogues para aulas gratuitas de ioga. O visitante voltado para fitness, sa\u00fade e bem-estar permite ativa\u00e7\u00e3o de marca personalizada para atra\u00ed-los. \u00c9 uma grande plataforma e uma grande oportunidade para as marcas ganharem exposi\u00e7\u00e3o, j\u00e1 que o evento tem mais de um bilh\u00e3o de impress\u00f5es de m\u00eddia em todo o mundo.  <\/li>\n<\/ol>\n<p>[\/vc_column_text][\/vc_column][\/vc_row][vc_row][vc_column][\/vc_column][\/vc_row]<\/p>\n","protected":false},"excerpt":{"rendered":"[vc_row full_width=\"stretch_row\" css=\".vc_custom_1627402630091{margin-top: 28px !important;margin-right: 0px !important;margin-bottom: 0px !important;margin-left: 0px !important;padding-top: 0px !important;padding-right: 0px !important;padding-bottom: 0px !important;padding-left: 0px !important;}\" el_class=\"main-97676\"][vc_column css=\".vc_custom_1626939874126{margin: 0px !important;padding: 0px !important;border: 0px initial !important;}\"][vc_row_inner equal_height=\"yes\" el_class=\"text-banner11\"][vc_column_inner width=\"1\/2\" css=\".vc_custom_1626940693197{margin-top: 0px !important;margin-right: 0px !important;margin-bottom: 0px !important;margin-left: 0px !important;padding-top: 20px !important;padding-right: 20px !important;padding-bottom: 20px !important;padding-left: 20px !important;background-image: url(https:\/\/welcome-to-times-square.com\/wp-content\/uploads\/2021\/07\/dd1.jpg?id=1431) !important;background-position: center !important;background-repeat: no-repeat !important;background-size: cover [...]<a href=\"https:\/\/welcome-to-times-square.com\/pt-br\/sponsor-seasonal-events\/\" class=\"read-more wyz-secondary-color-text\">read more<span class=\"screen-reader-text\">Patrocinador Eventos sazonais<\/span><\/a>","protected":false},"author":53,"featured_media":0,"parent":0,"menu_order":0,"comment_status":"closed","ping_status":"closed","template":"","meta":{"footnotes":""},"class_list":["post-9302","page","type-page","status-publish","hentry"],"yoast_head":"<!-- This site is optimized with the Yoast SEO plugin v27.2 - https:\/\/yoast.com\/product\/yoast-seo-wordpress\/ -->\n<title>Patrocinador Eventos sazonais - times-square<\/title>\n<meta name=\"robots\" content=\"index, follow, max-snippet:-1, max-image-preview:large, max-video-preview:-1\" \/>\n<link rel=\"canonical\" href=\"https:\/\/welcome-to-times-square.com\/pt-br\/sponsor-seasonal-events\/\" \/>\n<meta property=\"og:locale\" content=\"pt_BR\" \/>\n<meta property=\"og:type\" content=\"article\" \/>\n<meta property=\"og:title\" content=\"Patrocinador Eventos sazonais - times-square\" \/>\n<meta property=\"og:description\" content=\"[vc_row full_width=&#8221;stretch_row&#8221; css=&#8221;.vc_custom_1627402630091{margin-top: 28px !important;margin-right: 0px !important;margin-bottom: 0px !important;margin-left: 0px !important;padding-top: 0px !important;padding-right: 0px !important;padding-bottom: 0px !important;padding-left: 0px !important;}&#8221; el_class=&#8221;main-97676&#8243;][vc_column css=&#8221;.vc_custom_1626939874126{margin: 0px !important;padding: 0px !important;border: 0px initial !important;}&#8221;][vc_row_inner equal_height=&#8221;yes&#8221; el_class=&#8221;text-banner11&#8243;][vc_column_inner width=&#8221;1\/2&#8243; css=&#8221;.vc_custom_1626940693197{margin-top: 0px !important;margin-right: 0px !important;margin-bottom: 0px !important;margin-left: 0px !important;padding-top: 20px !important;padding-right: 20px !important;padding-bottom: 20px !important;padding-left: 20px !important;background-image: url(https:\/\/welcome-to-times-square.com\/wp-content\/uploads\/2021\/07\/dd1.jpg?id=1431) !important;background-position: center !important;background-repeat: no-repeat !important;background-size: cover [...]read morePatrocinador Eventos sazonais\" \/>\n<meta property=\"og:url\" content=\"https:\/\/welcome-to-times-square.com\/pt-br\/sponsor-seasonal-events\/\" \/>\n<meta property=\"og:site_name\" content=\"times-square\" \/>\n<meta property=\"article:modified_time\" content=\"2025-01-20T11:33:21+00:00\" \/>\n<meta name=\"twitter:card\" content=\"summary_large_image\" \/>\n<meta name=\"twitter:label1\" content=\"Est. tempo de leitura\" \/>\n\t<meta name=\"twitter:data1\" content=\"3 minutos\" \/>\n<script type=\"application\/ld+json\" class=\"yoast-schema-graph\">{\"@context\":\"https:\/\/schema.org\",\"@graph\":[{\"@type\":\"WebPage\",\"@id\":\"https:\/\/welcome-to-times-square.com\/pt-br\/sponsor-seasonal-events\/\",\"url\":\"https:\/\/welcome-to-times-square.com\/pt-br\/sponsor-seasonal-events\/\",\"name\":\"Patrocinador Eventos sazonais - times-square\",\"isPartOf\":{\"@id\":\"https:\/\/welcome-to-times-square.com\/pt-br\/#website\"},\"datePublished\":\"2021-09-04T15:04:00+00:00\",\"dateModified\":\"2025-01-20T11:33:21+00:00\",\"breadcrumb\":{\"@id\":\"https:\/\/welcome-to-times-square.com\/pt-br\/sponsor-seasonal-events\/#breadcrumb\"},\"inLanguage\":\"pt-BR\",\"potentialAction\":[{\"@type\":\"ReadAction\",\"target\":[\"https:\/\/welcome-to-times-square.com\/pt-br\/sponsor-seasonal-events\/\"]}]},{\"@type\":\"BreadcrumbList\",\"@id\":\"https:\/\/welcome-to-times-square.com\/pt-br\/sponsor-seasonal-events\/#breadcrumb\",\"itemListElement\":[{\"@type\":\"ListItem\",\"position\":1,\"name\":\"Home\",\"item\":\"https:\/\/welcome-to-times-square.com\/pt-br\/\"},{\"@type\":\"ListItem\",\"position\":2,\"name\":\"Patrocinador Eventos sazonais\"}]},{\"@type\":\"WebSite\",\"@id\":\"https:\/\/welcome-to-times-square.com\/pt-br\/#website\",\"url\":\"https:\/\/welcome-to-times-square.com\/pt-br\/\",\"name\":\"times-square\",\"description\":\"times-square\",\"publisher\":{\"@id\":\"https:\/\/welcome-to-times-square.com\/pt-br\/#organization\"},\"potentialAction\":[{\"@type\":\"SearchAction\",\"target\":{\"@type\":\"EntryPoint\",\"urlTemplate\":\"https:\/\/welcome-to-times-square.com\/pt-br\/?s={search_term_string}\"},\"query-input\":{\"@type\":\"PropertyValueSpecification\",\"valueRequired\":true,\"valueName\":\"search_term_string\"}}],\"inLanguage\":\"pt-BR\"},{\"@type\":\"Organization\",\"@id\":\"https:\/\/welcome-to-times-square.com\/pt-br\/#organization\",\"name\":\"times-square\",\"url\":\"https:\/\/welcome-to-times-square.com\/pt-br\/\",\"logo\":{\"@type\":\"ImageObject\",\"inLanguage\":\"pt-BR\",\"@id\":\"https:\/\/welcome-to-times-square.com\/pt-br\/#\/schema\/logo\/image\/\",\"url\":\"https:\/\/welcome-to-times-square.com\/wp-content\/uploads\/2024\/03\/welcome-to-time-square-logo-with-r.png\",\"contentUrl\":\"https:\/\/welcome-to-times-square.com\/wp-content\/uploads\/2024\/03\/welcome-to-time-square-logo-with-r.png\",\"width\":500,\"height\":342,\"caption\":\"times-square\"},\"image\":{\"@id\":\"https:\/\/welcome-to-times-square.com\/pt-br\/#\/schema\/logo\/image\/\"}}]}<\/script>\n<!-- \/ Yoast SEO plugin. -->","yoast_head_json":{"title":"Patrocinador Eventos sazonais - times-square","robots":{"index":"index","follow":"follow","max-snippet":"max-snippet:-1","max-image-preview":"max-image-preview:large","max-video-preview":"max-video-preview:-1"},"canonical":"https:\/\/welcome-to-times-square.com\/pt-br\/sponsor-seasonal-events\/","og_locale":"pt_BR","og_type":"article","og_title":"Patrocinador Eventos sazonais - times-square","og_description":"[vc_row full_width=&#8221;stretch_row&#8221; css=&#8221;.vc_custom_1627402630091{margin-top: 28px !important;margin-right: 0px !important;margin-bottom: 0px !important;margin-left: 0px !important;padding-top: 0px !important;padding-right: 0px !important;padding-bottom: 0px !important;padding-left: 0px !important;}&#8221; el_class=&#8221;main-97676&#8243;][vc_column css=&#8221;.vc_custom_1626939874126{margin: 0px !important;padding: 0px !important;border: 0px initial !important;}&#8221;][vc_row_inner equal_height=&#8221;yes&#8221; el_class=&#8221;text-banner11&#8243;][vc_column_inner width=&#8221;1\/2&#8243; css=&#8221;.vc_custom_1626940693197{margin-top: 0px !important;margin-right: 0px !important;margin-bottom: 0px !important;margin-left: 0px !important;padding-top: 20px !important;padding-right: 20px !important;padding-bottom: 20px !important;padding-left: 20px !important;background-image: url(https:\/\/welcome-to-times-square.com\/wp-content\/uploads\/2021\/07\/dd1.jpg?id=1431) !important;background-position: center !important;background-repeat: no-repeat !important;background-size: cover [...]read morePatrocinador Eventos sazonais","og_url":"https:\/\/welcome-to-times-square.com\/pt-br\/sponsor-seasonal-events\/","og_site_name":"times-square","article_modified_time":"2025-01-20T11:33:21+00:00","twitter_card":"summary_large_image","twitter_misc":{"Est. tempo de leitura":"3 minutos"},"schema":{"@context":"https:\/\/schema.org","@graph":[{"@type":"WebPage","@id":"https:\/\/welcome-to-times-square.com\/pt-br\/sponsor-seasonal-events\/","url":"https:\/\/welcome-to-times-square.com\/pt-br\/sponsor-seasonal-events\/","name":"Patrocinador Eventos sazonais - times-square","isPartOf":{"@id":"https:\/\/welcome-to-times-square.com\/pt-br\/#website"},"datePublished":"2021-09-04T15:04:00+00:00","dateModified":"2025-01-20T11:33:21+00:00","breadcrumb":{"@id":"https:\/\/welcome-to-times-square.com\/pt-br\/sponsor-seasonal-events\/#breadcrumb"},"inLanguage":"pt-BR","potentialAction":[{"@type":"ReadAction","target":["https:\/\/welcome-to-times-square.com\/pt-br\/sponsor-seasonal-events\/"]}]},{"@type":"BreadcrumbList","@id":"https:\/\/welcome-to-times-square.com\/pt-br\/sponsor-seasonal-events\/#breadcrumb","itemListElement":[{"@type":"ListItem","position":1,"name":"Home","item":"https:\/\/welcome-to-times-square.com\/pt-br\/"},{"@type":"ListItem","position":2,"name":"Patrocinador Eventos sazonais"}]},{"@type":"WebSite","@id":"https:\/\/welcome-to-times-square.com\/pt-br\/#website","url":"https:\/\/welcome-to-times-square.com\/pt-br\/","name":"times-square","description":"times-square","publisher":{"@id":"https:\/\/welcome-to-times-square.com\/pt-br\/#organization"},"potentialAction":[{"@type":"SearchAction","target":{"@type":"EntryPoint","urlTemplate":"https:\/\/welcome-to-times-square.com\/pt-br\/?s={search_term_string}"},"query-input":{"@type":"PropertyValueSpecification","valueRequired":true,"valueName":"search_term_string"}}],"inLanguage":"pt-BR"},{"@type":"Organization","@id":"https:\/\/welcome-to-times-square.com\/pt-br\/#organization","name":"times-square","url":"https:\/\/welcome-to-times-square.com\/pt-br\/","logo":{"@type":"ImageObject","inLanguage":"pt-BR","@id":"https:\/\/welcome-to-times-square.com\/pt-br\/#\/schema\/logo\/image\/","url":"https:\/\/welcome-to-times-square.com\/wp-content\/uploads\/2024\/03\/welcome-to-time-square-logo-with-r.png","contentUrl":"https:\/\/welcome-to-times-square.com\/wp-content\/uploads\/2024\/03\/welcome-to-time-square-logo-with-r.png","width":500,"height":342,"caption":"times-square"},"image":{"@id":"https:\/\/welcome-to-times-square.com\/pt-br\/#\/schema\/logo\/image\/"}}]}},"_hostinger_reach_plugin_has_subscription_block":false,"_hostinger_reach_plugin_is_elementor":false,"_links":{"self":[{"href":"https:\/\/welcome-to-times-square.com\/pt-br\/wp-json\/wp\/v2\/pages\/9302","targetHints":{"allow":["GET"]}}],"collection":[{"href":"https:\/\/welcome-to-times-square.com\/pt-br\/wp-json\/wp\/v2\/pages"}],"about":[{"href":"https:\/\/welcome-to-times-square.com\/pt-br\/wp-json\/wp\/v2\/types\/page"}],"author":[{"embeddable":true,"href":"https:\/\/welcome-to-times-square.com\/pt-br\/wp-json\/wp\/v2\/users\/53"}],"replies":[{"embeddable":true,"href":"https:\/\/welcome-to-times-square.com\/pt-br\/wp-json\/wp\/v2\/comments?post=9302"}],"version-history":[{"count":3,"href":"https:\/\/welcome-to-times-square.com\/pt-br\/wp-json\/wp\/v2\/pages\/9302\/revisions"}],"predecessor-version":[{"id":9318,"href":"https:\/\/welcome-to-times-square.com\/pt-br\/wp-json\/wp\/v2\/pages\/9302\/revisions\/9318"}],"wp:attachment":[{"href":"https:\/\/welcome-to-times-square.com\/pt-br\/wp-json\/wp\/v2\/media?parent=9302"}],"curies":[{"name":"wp","href":"https:\/\/api.w.org\/{rel}","templated":true}]}}